






{"id":83,"date":"2022-01-17T11:06:21","date_gmt":"2022-01-17T08:06:21","guid":{"rendered":"https:\/\/www.drsevinozgul.com\/de\/?page_id=83"},"modified":"2022-02-04T11:09:52","modified_gmt":"2022-02-04T08:09:52","slug":"uber-mich","status":"publish","type":"page","link":"https:\/\/www.drsevinozgul.com\/de\/uber-mich\/","title":{"rendered":"\u00dcber Mich"},"content":{"rendered":"<p>Ich wurde 1974 in Istanbul geboren. Ich habe die Grundschule an der Bak\u0131rk\u00f6y Mustafa Necati Grundschule, die Mittelschule und das Gymnasium an der Ni\u015fanta\u015f\u0131 Anatolian High School studiert. 1997 absolvierte ich die Medizinische Fakult\u00e4t Istanbul und erhielt den Titel eines Arztes. Im selben Jahr begann ich meine Facharztausbildung an der Medizinischen Fakult\u00e4t der Marmara Universit\u00e4t, Abteilung f\u00fcr Plastische und Rekonstruktive Chirurgie. W\u00e4hrend meiner Facharztausbildung habe ich in verschiedenen Krankenh\u00e4usern in England gearbeitet. Nach Abschluss meiner Spezialisierung im Jahr 2003 arbeitete ich in \u00f6ffentlichen und privaten Krankenh\u00e4usern. Ich war in meiner Ausbildung und im sp\u00e4teren Berufsleben an verschiedenen wissenschaftlichen Studien beteiligt, habe Artikel in in- und ausl\u00e4ndischen Zeitschriften ver\u00f6ffentlicht und auf Kongressen pr\u00e4sentiert. Meine Hobbys sind Musik vor allem Schlagzeug, Tanzen und Reisen. \u00c4sthetische Chirurgie, medizinische \u00c4sthetik und Wundversorgung sind meine Hauptinteressensgebiete.<\/p>\n","protected":false},"excerpt":{"rendered":"<p>Ich wurde 1974 in Istanbul geboren. Ich habe die Grundschule an der Bak\u0131rk\u00f6y Mustafa Necati Grundschule, die Mittelschule und das Gymnasium an der Ni\u015fanta\u015f\u0131 Anatolian High School studiert. 1997 absolvierte ich die Medizinische Fakult\u00e4t Istanbul und erhielt den Titel eines Arztes. Im selben Jahr begann ich meine Facharztausbildung an der Medizinischen Fakult\u00e4t der Marmara Universit\u00e4t, [&hellip;]<\/p>\n","protected":false},"author":1,"featured_media":451,"parent":0,"menu_order":0,"comment_status":"closed","ping_status":"closed","template":"","meta":{"footnotes":""},"class_list":["post-83","page","type-page","status-publish","has-post-thumbnail","hentry"],"_links":{"self":[{"href":"https:\/\/www.drsevinozgul.com\/de\/wp-json\/wp\/v2\/pages\/83","targetHints":{"allow":["GET"]}}],"collection":[{"href":"https:\/\/www.drsevinozgul.com\/de\/wp-json\/wp\/v2\/pages"}],"about":[{"href":"https:\/\/www.drsevinozgul.com\/de\/wp-json\/wp\/v2\/types\/page"}],"author":[{"embeddable":true,"href":"https:\/\/www.drsevinozgul.com\/de\/wp-json\/wp\/v2\/users\/1"}],"replies":[{"embeddable":true,"href":"https:\/\/www.drsevinozgul.com\/de\/wp-json\/wp\/v2\/comments?post=83"}],"version-history":[{"count":3,"href":"https:\/\/www.drsevinozgul.com\/de\/wp-json\/wp\/v2\/pages\/83\/revisions"}],"predecessor-version":[{"id":415,"href":"https:\/\/www.drsevinozgul.com\/de\/wp-json\/wp\/v2\/pages\/83\/revisions\/415"}],"wp:featuredmedia":[{"embeddable":true,"href":"https:\/\/www.drsevinozgul.com\/de\/wp-json\/wp\/v2\/media\/451"}],"wp:attachment":[{"href":"https:\/\/www.drsevinozgul.com\/de\/wp-json\/wp\/v2\/media?parent=83"}],"curies":[{"name":"wp","href":"https:\/\/api.w.org\/{rel}","templated":true}]}}